{"id":1038,"date":"2016-02-27T19:29:27","date_gmt":"2016-02-27T11:29:27","guid":{"rendered":"http:\/\/wpdir.odireitoonline.com\/?page_id=1038"},"modified":"2023-06-26T12:25:56","modified_gmt":"2023-06-26T04:25:56","slug":"direito-online-ch","status":"publish","type":"page","link":"https:\/\/odireitoonline.com\/zh\/direito-online-ch","title":{"rendered":"\u5728\u7ebf\u6cd5\u5f8b"},"content":{"rendered":"<div id=\"pl-1038\"  class=\"panel-layout\" ><div id=\"pg-1038-0\"  class=\"panel-grid panel-no-style\" ><div id=\"pgc-1038-0-0\"  class=\"panel-grid-cell\" ><div id=\"panel-1038-0-0-0\" class=\"so-panel widget widget_sow-features panel-first-child panel-last-child\" data-index=\"0\" ><div\n\t\t\t\n\t\t\tclass=\"so-widget-sow-features so-widget-sow-features-default-6436d817826a-1038\"\n\t\t\t\n\t\t><ul\n\tclass=\"sow-features-list\n\tsow-features-responsive\">\n\n\t\t\t<li\n\t\t\tclass=\"sow-features-feature sow-icon-container-position-top\"\n\t\t\tstyle=\"display: flex; flex-direction: column; width: calc(100% - 25px);\"\n\t\t>\n\t\t\t\n\t\t\t\t\t\t\t<div class=\"sow-features-feature-right-left-container\" style=\"display: flex; flex-direction: inherit;\">\n\t\t\t\t\t\t\t<div\t\t\t\tclass=\"sow-icon-container sow-container-explode\"\n\t\t\t\tstyle=\"color: #404040; \"\n\t\t\t\t\n\t\t\t\t\t\t\t>\n\t\t\t\t\t\t\t<\/div>\n\n\t\t\t<div class=\"textwidget\">\n\t\t\t\t\t\t\t\t\t<div class=\"sow-features-feature-content\">\n\t\t\t\t\n\t\t\t\t\t\t\t\t\t<h5 class=\"sow-features-feature-title\">\n\t\t\t\t\t\t\t\t\t\t\t\t\t<a\n\t\t\t\t\t\t\t\thref=\"\/a-parte-geral-do-codigo-civil-de-macau-e-do-codigo-civil-portugues-e-a-parte-geral-do-codigo-civil-da-republica-popular-da-china-de-2020.html\"\n\t\t\t\t\t\t\t\t\t\t\t\t\t\t\t>\n\t\t\t\t\t\t\tA Parte Geral do C\u00f3digo Civil de Macau e do C\u00f3digo Civil Portugu\u00eas e a Parte Geral do C\u00f3digo Civil da Rep\u00fablica Popular da China de 2020\t\t\t\t\t\t\t<\/a>\n\t\t\t\t\t\t\t\t\t\t\t\t<\/h5>\n\t\t\t\t\n\t\t\t\t\t\t\t\t\t<div class=\"sow-features-feature-text\">\n\t\t\t\t\t<p>O C\u00f3digo Civil de Macau de 1999 tomou por base o C\u00f3digo Civil portugu\u00eas de 1966, desde logo na sua sistematiza\u00e7\u00e3o\u00a0[...]\n\t\t\t\t\t<\/div>\n\t\t\t\t\t\t\t\t\t\t<\/div>\n\t\t\t\t\t<p class=\"sow-more-text\">\n\t\t\t\t\t\t<a href=\"\/a-parte-geral-do-codigo-civil-de-macau-e-do-codigo-civil-portugues-e-a-parte-geral-do-codigo-civil-da-republica-popular-da-china-de-2020.html\" >\t\t\t\t\t\tLer Mais...\t\t\t\t\t\t<\/a>\t\t\t\t\t<\/p>\n\t\t\t\t\t\t\t<\/div>\n\t\t\t\t\t\t\t<\/div>\n\t\t\t\t\t\t\t\t<\/li>\n\n\t\t\t<li\n\t\t\tclass=\"sow-features-feature sow-icon-container-position-top\"\n\t\t\tstyle=\"display: flex; flex-direction: column; width: calc(100% - 25px);\"\n\t\t>\n\t\t\t\n\t\t\t\t\t\t\t<div class=\"sow-features-feature-right-left-container\" style=\"display: flex; flex-direction: inherit;\">\n\t\t\t\t\t\t\t<div\t\t\t\tclass=\"sow-icon-container sow-container-explode\"\n\t\t\t\tstyle=\"color: #404040; \"\n\t\t\t\t\n\t\t\t\t\t\t\t>\n\t\t\t\t\t\t\t<\/div>\n\n\t\t\t<div class=\"textwidget\">\n\t\t\t\t\t\t\t\t\t<div class=\"sow-features-feature-content\">\n\t\t\t\t\n\t\t\t\t\t\t\t\t\t<h5 class=\"sow-features-feature-title\">\n\t\t\t\t\t\t\t\t\t\t\t\t\t<a\n\t\t\t\t\t\t\t\thref=\"https:\/\/odireitoonline.com\/trigesimo-aniversario-da-aprovacao-da-lei-basica-e-trigesimo-sexto-aniversario-da-assinatura-da-declaracao-conjunta.html\"\n\t\t\t\t\t\t\t\t\t\t\t\t\t\t\t>\n\t\t\t\t\t\t\tTrig\u00e9simo anivers\u00e1rio da aprova\u00e7\u00e3o da Lei B\u00e1sica e trig\u00e9simo sexto anivers\u00e1rio da assinatura da Declara\u00e7\u00e3o Conjunta\t\t\t\t\t\t\t<\/a>\n\t\t\t\t\t\t\t\t\t\t\t\t<\/h5>\n\t\t\t\t\n\t\t\t\t\t\t\t\t\t<div class=\"sow-features-feature-text\">\n\t\t\t\t\t<p>Decorreram 30 anos da aprova\u00e7\u00e3o da Lei B\u00e1sica da Regi\u00e3o Administrativa Especial de Macau da Rep\u00fablica Popular da China [...]\n\t\t\t\t\t<\/div>\n\t\t\t\t\t\t\t\t\t\t<\/div>\n\t\t\t\t\t<p class=\"sow-more-text\">\n\t\t\t\t\t\t<a href=\"https:\/\/odireitoonline.com\/trigesimo-aniversario-da-aprovacao-da-lei-basica-e-trigesimo-sexto-aniversario-da-assinatura-da-declaracao-conjunta.html\" >\t\t\t\t\t\tLer Mais...\t\t\t\t\t\t<\/a>\t\t\t\t\t<\/p>\n\t\t\t\t\t\t\t<\/div>\n\t\t\t\t\t\t\t<\/div>\n\t\t\t\t\t\t\t\t<\/li>\n\n\t\t\t<li\n\t\t\tclass=\"sow-features-feature sow-icon-container-position-top\"\n\t\t\tstyle=\"display: flex; flex-direction: column; width: calc(100% - 25px);\"\n\t\t>\n\t\t\t\n\t\t\t\t\t\t\t<div class=\"sow-features-feature-right-left-container\" style=\"display: flex; flex-direction: inherit;\">\n\t\t\t\t\t\t\t<div\t\t\t\tclass=\"sow-icon-container sow-container-explode\"\n\t\t\t\tstyle=\"color: #404040; \"\n\t\t\t\ttitle=\"Curva de aprendizagem\"\n\t\t\t\t\t\t\t>\n\t\t\t\t\t\t\t<\/div>\n\n\t\t\t<div class=\"textwidget\">\n\t\t\t\t\t\t\t\t\t<div class=\"sow-features-feature-content\">\n\t\t\t\t\n\t\t\t\t\t\t\t\t\t<h5 class=\"sow-features-feature-title\">\n\t\t\t\t\t\t\t\t\t\t\t\t\t<a\n\t\t\t\t\t\t\t\thref=\"\/perspetivas-de-evolucao-do-codigo-de-processo-civil-de-macau.html\"\n\t\t\t\t\t\t\t\t\t\t\t\t\t\t\t>\n\t\t\t\t\t\t\tPerspetivas de evolu\u00e7\u00e3o do C\u00f3digo de Processo Civil de Macau\t\t\t\t\t\t\t<\/a>\n\t\t\t\t\t\t\t\t\t\t\t\t<\/h5>\n\t\t\t\t\n\t\t\t\t\t\t\t\t\t<div class=\"sow-features-feature-text\">\n\t\t\t\t\t<p>O C\u00f3digo de Processo Civil de Macau (adiante, CPC de Macau), aprovado em 8 de outubro de 1999, n\u00e3o tem sido afetado pela turbul\u00eancia legislativa dos nossos tempos [...]\n\t\t\t\t\t<\/div>\n\t\t\t\t\t\t\t\t\t\t<\/div>\n\t\t\t\t\t<p class=\"sow-more-text\">\n\t\t\t\t\t\t<a href=\"\/perspetivas-de-evolucao-do-codigo-de-processo-civil-de-macau.html\" >\t\t\t\t\t\tLer Mais...\t\t\t\t\t\t<\/a>\t\t\t\t\t<\/p>\n\t\t\t\t\t\t\t<\/div>\n\t\t\t\t\t\t\t<\/div>\n\t\t\t\t\t\t\t\t<\/li>\n\n\t<\/ul>\n<\/div><\/div><\/div><\/div><div id=\"pg-1038-1\"  class=\"panel-grid panel-no-style\" ><div id=\"pgc-1038-1-0\"  class=\"panel-grid-cell\" ><div id=\"panel-1038-1-0-0\" class=\"so-panel widget widget_sow-features panel-first-child panel-last-child\" data-index=\"1\" ><div class=\"panel-widget-style panel-widget-style-for-1038-1-0-0\" ><div\n\t\t\t\n\t\t\tclass=\"so-widget-sow-features so-widget-sow-features-default-b58dbc3e6c65-1038\"\n\t\t\t\n\t\t><ul\n\tclass=\"sow-features-list\n\tsow-features-responsive\">\n\n\t\t\t<li\n\t\t\tclass=\"sow-features-feature sow-icon-container-position-top\"\n\t\t\tstyle=\"display: flex; flex-direction: column; width: calc(50% - 25px);\"\n\t\t>\n\t\t\t\n\t\t\t\t\t\t\t<div class=\"sow-features-feature-right-left-container\" style=\"display: flex; flex-direction: inherit;\">\n\t\t\t\t\t\t\t<div\t\t\t\tclass=\"sow-icon-container sow-container-explode\"\n\t\t\t\tstyle=\"color: #404040; \"\n\t\t\t\t\n\t\t\t\t\t\t\t>\n\t\t\t\t\t\t\t<\/div>\n\n\t\t\t<div class=\"textwidget\">\n\t\t\t\t\t\t\t\t\t<div class=\"sow-features-feature-content\">\n\t\t\t\t\n\t\t\t\t\t\t\t\t\t<h5 class=\"sow-features-feature-title\">\n\t\t\t\t\t\t\t\t\t\t\t\t\t<a\n\t\t\t\t\t\t\t\thref=\"\/curva-de-aprendizagem.html\"\n\t\t\t\t\t\t\t\t\t\t\t\t\t\t\t>\n\t\t\t\t\t\t\tCurva de aprendizagem\t\t\t\t\t\t\t<\/a>\n\t\t\t\t\t\t\t\t\t\t\t\t<\/h5>\n\t\t\t\t\n\t\t\t\t\t\t\t\t\t<div class=\"sow-features-feature-text\">\n\t\t\t\t\t<p>O conceito de curva de aprendizagem, derivado da psicologia, \u00e9 uma representa\u00e7\u00e3o gr\u00e1fica que demonstra que os custos de produ\u00e7\u00e3o de um produto t\u00eam tend\u00eancia a diminuir quando os trabalhadores executam as tarefas produtivas repetidamente [...]\n\t\t\t\t\t<\/div>\n\t\t\t\t\t\t\t\t\t\t<\/div>\n\t\t\t\t\t<p class=\"sow-more-text\">\n\t\t\t\t\t\t<a href=\"\/curva-de-aprendizagem.html\" >\t\t\t\t\t\tLer Mais...\t\t\t\t\t\t<\/a>\t\t\t\t\t<\/p>\n\t\t\t\t\t\t\t<\/div>\n\t\t\t\t\t\t\t<\/div>\n\t\t\t\t\t\t\t\t<\/li>\n\n\t\t\t<li\n\t\t\tclass=\"sow-features-feature sow-icon-container-position-top\"\n\t\t\tstyle=\"display: flex; flex-direction: column; width: calc(50% - 25px);\"\n\t\t>\n\t\t\t\n\t\t\t\t\t\t\t<div class=\"sow-features-feature-right-left-container\" style=\"display: flex; flex-direction: inherit;\">\n\t\t\t\t\t\t\t<div\t\t\t\tclass=\"sow-icon-container sow-container-explode\"\n\t\t\t\tstyle=\"color: #404040; \"\n\t\t\t\t\n\t\t\t\t\t\t\t>\n\t\t\t\t\t\t\t<\/div>\n\n\t\t\t<div class=\"textwidget\">\n\t\t\t\t\t\t\t\t\t<div class=\"sow-features-feature-content\">\n\t\t\t\t\n\t\t\t\t\t\t\t\t\t<h5 class=\"sow-features-feature-title\">\n\t\t\t\t\t\t\t\t\t\t\t\t\t<a\n\t\t\t\t\t\t\t\thref=\"\/a-actividade-legislativa.html\"\n\t\t\t\t\t\t\t\t\t\t\t\t\t\t\t>\n\t\t\t\t\t\t\tA actividade legislativa\t\t\t\t\t\t\t<\/a>\n\t\t\t\t\t\t\t\t\t\t\t\t<\/h5>\n\t\t\t\t\n\t\t\t\t\t\t\t\t\t<div class=\"sow-features-feature-text\">\n\t\t\t\t\t<p>Num texto denominado \u00abA iniciativa legislativa\u00bb, publicado em 20\/1\/2014, referimos alguns dados quantitativos relativos a propostas de lei apresentadas pelo Governador na Assembleia Legislativa (AL), bem como projectos de lei apresentados pelos deputados \u00e0 AL [...]\n\t\t\t\t\t<\/div>\n\t\t\t\t\t\t\t\t\t\t<\/div>\n\t\t\t\t\t<p class=\"sow-more-text\">\n\t\t\t\t\t\t<a href=\"\/a-actividade-legislativa.html\" >\t\t\t\t\t\tLer Mais...\t\t\t\t\t\t<\/a>\t\t\t\t\t<\/p>\n\t\t\t\t\t\t\t<\/div>\n\t\t\t\t\t\t\t<\/div>\n\t\t\t\t\t\t\t\t<\/li>\n\n\t\t\t<li\n\t\t\tclass=\"sow-features-feature sow-icon-container-position-top\"\n\t\t\tstyle=\"display: flex; flex-direction: column; width: calc(50% - 25px);\"\n\t\t>\n\t\t\t\n\t\t\t\t\t\t<div\t\t\t\tclass=\"sow-icon-container sow-container-explode\"\n\t\t\t\tstyle=\"color: #404040; \"\n\t\t\t\t\n\t\t\t\t\t\t\t>\n\t\t\t\t\t\t\t<\/div>\n\n\t\t\t<div class=\"textwidget\">\n\t\t\t\t\n\t\t\t\t\n\t\t\t\t\t\t\t<\/div>\n\t\t\t\t\t\t\t\t<\/li>\n\n\t<\/ul>\n<\/div><\/div><\/div><\/div><\/div><div id=\"pg-1038-2\"  class=\"panel-grid panel-no-style\" ><div id=\"pgc-1038-2-0\"  class=\"panel-grid-cell\" ><div id=\"panel-1038-2-0-0\" class=\"so-panel widget widget_sow-editor panel-first-child panel-last-child\" data-index=\"2\" ><div class=\"panel-widget-style panel-widget-style-for-1038-2-0-0\" ><div\n\t\t\t\n\t\t\tclass=\"so-widget-sow-editor so-widget-sow-editor-base\"\n\t\t\t\n\t\t><h3 class=\"widget-title\">EM DESTAQUE<\/h3>\n<div class=\"siteorigin-widget-tinymce textwidget\">\n\t<ul>\n<li><a href=\"\/a-procuratura-dos-negocios-sinicos-1583-1894.html\">A Procuratura dos Neg\u00f3cios S\u00ednicos (1583-1894)<\/a><\/li>\n<li><a href=\"\/o-tribunal-privativo-dos-chinas-de-macau.html\">O Tribunal Privativo dos Chinas de Macau<\/a><\/li>\n<li><a href=\"\/proteccao-contra-a-exposicao-ao-fumo-do-tabaco.html\">Protec\u00e7\u00e3o contra a exposi\u00e7\u00e3o ao fumo do tabaco<\/a><\/li>\n<li><a href=\"\/o-conceito-de-indicios-suficientes-no-processo-penal-portugues.html\">O conceito de ind\u00edcios suficientes no processo penal portugu\u00eas<\/a><\/li>\n<li><a href=\"\/quem-violou-a-lei-no-dia-do-trabalhador.html\">Quem violou a lei no dia do trabalhador<\/a><\/li>\n<li><a href=\"\/idades-juridicamente-relevantes.html\">Idades juridicamente relevantes<\/a><\/li>\n<li><a href=\"\/legislacao-e-casinos.html\">Legisla\u00e7\u00e3o e casinos<\/a><\/li>\n<li><a href=\"\/eleicao-por-sufragio-universal-do-chefe-do-executivo-e-da-assembleia-legislativa.html\" target=\"_blank\" rel=\"noopener\">Elei\u00e7\u00e3o por sufr\u00e1gio universal do Chefe do Executivo e da Assembleia Legislativa<\/a><\/li>\n<li><a href=\"\/a-pessoa-colectiva-de-direito-publico.html\">A Pessoa Colectiva de Direito P\u00fablico<\/a><\/li>\n<\/ul>\n<\/div>\n<\/div><\/div><\/div><\/div><\/div><div id=\"pg-1038-3\"  class=\"panel-grid panel-no-style\" ><div id=\"pgc-1038-3-0\"  class=\"panel-grid-cell\" >\n\t\t<div id=\"panel-1038-3-0-0\" class=\"so-panel widget widget_recent-posts widget_recent_entries panel-first-child panel-last-child\" data-index=\"3\" ><div class=\"panel-widget-style panel-widget-style-for-1038-3-0-0\" >\n\t\t<h3 class=\"widget-title\">ARTIGOS RECENTES<\/h3>\n\t\t<ul>\n\t\t\t\t\t\t\t\t\t\t\t<li>\n\t\t\t\t\t<a href=\"https:\/\/odireitoonline.com\/zh\/trigesimo-aniversario-da-aprovacao-da-lei-basica-e-trigesimo-sexto-aniversario-da-assinatura-da-declaracao-conjunta-ch.html\">\u300a\u57fa\u672c\u6cd5\u300b\u901a\u904e\u4e09\u5341\u5468\u5e74\u548c\u300a\u806f\u5408\u8072\u660e\u300b\u7c3d\u7f72\u4e09\u5341\u516d\u5468\u5e74<\/a>\n\t\t\t\t\t\t\t\t\t<\/li>\n\t\t\t\t\t\t\t\t\t\t\t<li>\n\t\t\t\t\t<a href=\"https:\/\/odireitoonline.com\/zh\/tratados-desiguais-ch.html\">\u4e0d\u5e73\u7b49\u689d\u7d04<\/a>\n\t\t\t\t\t\t\t\t\t<\/li>\n\t\t\t\t\t\t\t\t\t\t\t<li>\n\t\t\t\t\t<a href=\"https:\/\/odireitoonline.com\/zh\/trabalho-forcado-ou-obrigatorio-ch.html\">\u5f37\u8feb\u6216\u5f37\u5236\u52de\u52d5<\/a>\n\t\t\t\t\t\t\t\t\t<\/li>\n\t\t\t\t\t\t\t\t\t\t\t<li>\n\t\t\t\t\t<a href=\"https:\/\/odireitoonline.com\/zh\/curva-de-aprendizagem-ch.html\">\u5b78\u7fd2\u66f2\u7dda<\/a>\n\t\t\t\t\t\t\t\t\t<\/li>\n\t\t\t\t\t\t\t\t\t\t\t<li>\n\t\t\t\t\t<a href=\"https:\/\/odireitoonline.com\/zh\/premios-europeus-de-2018-de-internet-de-banda-larga-ch.html\">2018\u5e74\u5ea6\u6b50\u6d32\u5bec\u983b\u4e92\u806f\u7db2\u734e<\/a>\n\t\t\t\t\t\t\t\t\t<\/li>\n\t\t\t\t\t<\/ul>\n\n\t\t<\/div><\/div><\/div><\/div><\/div>","protected":false},"excerpt":{"rendered":"<p>A Parte Geral do C\u00f3digo Civil de Macau e do C\u00f3digo Civil Portugu\u00eas e a Parte Geral do C\u00f3digo Civil da Rep\u00fablica Popular da China de 2020 O C\u00f3digo Civil de Macau de 1999 tomou por base o C\u00f3digo Civil portugu\u00eas de 1966, desde logo na sua sistematiza\u00e7\u00e3o\u00a0[&#8230;] Ler Mais&#8230; Trig\u00e9simo anivers\u00e1rio da aprova\u00e7\u00e3o da [&hellip;]<\/p>\n","protected":false},"author":3,"featured_media":0,"parent":0,"menu_order":0,"comment_status":"closed","ping_status":"closed","template":"","meta":{"footnotes":""},"class_list":["post-1038","page","type-page","status-publish","hentry"],"yoast_head":"<!-- This site is optimized with the Yoast SEO plugin v27.4 - https:\/\/yoast.com\/product\/yoast-seo-wordpress\/ -->\n<title>O DIREITO ONLINE \u6cd5 - O DIREITO ONLINE \u6cd5<\/title>\n<meta name=\"description\" content=\"O Direito Online - Publica\u00e7\u00e3o online sobre quest\u00f5es de Direito e o sua aplica\u00e7\u00e3o em Macau.\" \/>\n<meta name=\"robots\" content=\"index, follow, max-snippet:-1, max-image-preview:large, max-video-preview:-1\" \/>\n<link rel=\"canonical\" href=\"https:\/\/odireitoonline.com\/zh\/direito-online-ch\" \/>\n<meta property=\"og:locale\" content=\"zh_CN\" \/>\n<meta property=\"og:type\" content=\"article\" \/>\n<meta property=\"og:title\" content=\"O DIREITO ONLINE \u6cd5 - O DIREITO ONLINE \u6cd5\" \/>\n<meta property=\"og:description\" content=\"O Direito Online - Publica\u00e7\u00e3o online sobre quest\u00f5es de Direito e o sua aplica\u00e7\u00e3o em Macau.\" \/>\n<meta property=\"og:url\" content=\"https:\/\/odireitoonline.com\/zh\/direito-online-ch\" \/>\n<meta property=\"og:site_name\" content=\"O DIREITO ONLINE \u6cd5\" \/>\n<meta property=\"article:modified_time\" content=\"2023-06-26T04:25:56+00:00\" \/>\n<meta name=\"twitter:card\" content=\"summary_large_image\" \/>\n<script type=\"application\/ld+json\" class=\"yoast-schema-graph\">{\"@context\":\"https:\\\/\\\/schema.org\",\"@graph\":[{\"@type\":\"WebPage\",\"@id\":\"https:\\\/\\\/odireitoonline.com\\\/zh\\\/direito-online-ch\",\"url\":\"https:\\\/\\\/odireitoonline.com\\\/zh\\\/direito-online-ch\",\"name\":\"O DIREITO ONLINE \u6cd5 - O DIREITO ONLINE \u6cd5\",\"isPartOf\":{\"@id\":\"https:\\\/\\\/odireitoonline.com\\\/zh\\\/#website\"},\"datePublished\":\"2016-02-27T11:29:27+00:00\",\"dateModified\":\"2023-06-26T04:25:56+00:00\",\"description\":\"O Direito Online - Publica\u00e7\u00e3o online sobre quest\u00f5es de Direito e o sua aplica\u00e7\u00e3o em Macau.\",\"breadcrumb\":{\"@id\":\"https:\\\/\\\/odireitoonline.com\\\/zh\\\/direito-online-ch#breadcrumb\"},\"inLanguage\":\"zh-CN\",\"potentialAction\":[{\"@type\":\"ReadAction\",\"target\":[\"https:\\\/\\\/odireitoonline.com\\\/zh\\\/direito-online-ch\"]}]},{\"@type\":\"BreadcrumbList\",\"@id\":\"https:\\\/\\\/odireitoonline.com\\\/zh\\\/direito-online-ch#breadcrumb\",\"itemListElement\":[{\"@type\":\"ListItem\",\"position\":1,\"name\":\"\u4e3b\u9801\",\"item\":\"https:\\\/\\\/odireitoonline.com\\\/zh\\\/direito-online-ch\"},{\"@type\":\"ListItem\",\"position\":2,\"name\":\"\u4e3b\u9801\"}]},{\"@type\":\"WebSite\",\"@id\":\"https:\\\/\\\/odireitoonline.com\\\/zh\\\/#website\",\"url\":\"https:\\\/\\\/odireitoonline.com\\\/zh\\\/\",\"name\":\"O DIREITO ONLINE \u6cd5\",\"description\":\"\",\"publisher\":{\"@id\":\"https:\\\/\\\/odireitoonline.com\\\/zh\\\/#\\\/schema\\\/person\\\/165ed568c1766113d3dd9cd761da78ee\"},\"potentialAction\":[{\"@type\":\"SearchAction\",\"target\":{\"@type\":\"EntryPoint\",\"urlTemplate\":\"https:\\\/\\\/odireitoonline.com\\\/zh\\\/?s={search_term_string}\"},\"query-input\":{\"@type\":\"PropertyValueSpecification\",\"valueRequired\":true,\"valueName\":\"search_term_string\"}}],\"inLanguage\":\"zh-CN\"},{\"@type\":[\"Person\",\"Organization\"],\"@id\":\"https:\\\/\\\/odireitoonline.com\\\/zh\\\/#\\\/schema\\\/person\\\/165ed568c1766113d3dd9cd761da78ee\",\"name\":\"_____\",\"image\":{\"@type\":\"ImageObject\",\"inLanguage\":\"zh-CN\",\"@id\":\"https:\\\/\\\/secure.gravatar.com\\\/avatar\\\/571298a89f146ad2bb97e09971285bd719e64f9796558670ef76424a1dd29ad1?s=96&d=mm&r=g\",\"url\":\"https:\\\/\\\/secure.gravatar.com\\\/avatar\\\/571298a89f146ad2bb97e09971285bd719e64f9796558670ef76424a1dd29ad1?s=96&d=mm&r=g\",\"contentUrl\":\"https:\\\/\\\/secure.gravatar.com\\\/avatar\\\/571298a89f146ad2bb97e09971285bd719e64f9796558670ef76424a1dd29ad1?s=96&d=mm&r=g\",\"caption\":\"_____\"},\"logo\":{\"@id\":\"https:\\\/\\\/secure.gravatar.com\\\/avatar\\\/571298a89f146ad2bb97e09971285bd719e64f9796558670ef76424a1dd29ad1?s=96&d=mm&r=g\"},\"sameAs\":[\"https:\\\/\\\/odireitoonline.com\"]}]}<\/script>\n<!-- \/ Yoast SEO plugin. -->","yoast_head_json":{"title":"O DIREITO ONLINE \u6cd5 - O DIREITO ONLINE \u6cd5","description":"O Direito Online - Publica\u00e7\u00e3o online sobre quest\u00f5es de Direito e o sua aplica\u00e7\u00e3o em Macau.","robots":{"index":"index","follow":"follow","max-snippet":"max-snippet:-1","max-image-preview":"max-image-preview:large","max-video-preview":"max-video-preview:-1"},"canonical":"https:\/\/odireitoonline.com\/zh\/direito-online-ch","og_locale":"zh_CN","og_type":"article","og_title":"O DIREITO ONLINE \u6cd5 - O DIREITO ONLINE \u6cd5","og_description":"O Direito Online - Publica\u00e7\u00e3o online sobre quest\u00f5es de Direito e o sua aplica\u00e7\u00e3o em Macau.","og_url":"https:\/\/odireitoonline.com\/zh\/direito-online-ch","og_site_name":"O DIREITO ONLINE \u6cd5","article_modified_time":"2023-06-26T04:25:56+00:00","twitter_card":"summary_large_image","schema":{"@context":"https:\/\/schema.org","@graph":[{"@type":"WebPage","@id":"https:\/\/odireitoonline.com\/zh\/direito-online-ch","url":"https:\/\/odireitoonline.com\/zh\/direito-online-ch","name":"O DIREITO ONLINE \u6cd5 - O DIREITO ONLINE \u6cd5","isPartOf":{"@id":"https:\/\/odireitoonline.com\/zh\/#website"},"datePublished":"2016-02-27T11:29:27+00:00","dateModified":"2023-06-26T04:25:56+00:00","description":"O Direito Online - Publica\u00e7\u00e3o online sobre quest\u00f5es de Direito e o sua aplica\u00e7\u00e3o em Macau.","breadcrumb":{"@id":"https:\/\/odireitoonline.com\/zh\/direito-online-ch#breadcrumb"},"inLanguage":"zh-CN","potentialAction":[{"@type":"ReadAction","target":["https:\/\/odireitoonline.com\/zh\/direito-online-ch"]}]},{"@type":"BreadcrumbList","@id":"https:\/\/odireitoonline.com\/zh\/direito-online-ch#breadcrumb","itemListElement":[{"@type":"ListItem","position":1,"name":"\u4e3b\u9801","item":"https:\/\/odireitoonline.com\/zh\/direito-online-ch"},{"@type":"ListItem","position":2,"name":"\u4e3b\u9801"}]},{"@type":"WebSite","@id":"https:\/\/odireitoonline.com\/zh\/#website","url":"https:\/\/odireitoonline.com\/zh\/","name":"\u5728\u7ebf\u6cd5\u5f8b","description":"","publisher":{"@id":"https:\/\/odireitoonline.com\/zh\/#\/schema\/person\/165ed568c1766113d3dd9cd761da78ee"},"potentialAction":[{"@type":"SearchAction","target":{"@type":"EntryPoint","urlTemplate":"https:\/\/odireitoonline.com\/zh\/?s={search_term_string}"},"query-input":{"@type":"PropertyValueSpecification","valueRequired":true,"valueName":"search_term_string"}}],"inLanguage":"zh-CN"},{"@type":["Person","Organization"],"@id":"https:\/\/odireitoonline.com\/zh\/#\/schema\/person\/165ed568c1766113d3dd9cd761da78ee","name":"_____","image":{"@type":"ImageObject","inLanguage":"zh-CN","@id":"https:\/\/secure.gravatar.com\/avatar\/571298a89f146ad2bb97e09971285bd719e64f9796558670ef76424a1dd29ad1?s=96&d=mm&r=g","url":"https:\/\/secure.gravatar.com\/avatar\/571298a89f146ad2bb97e09971285bd719e64f9796558670ef76424a1dd29ad1?s=96&d=mm&r=g","contentUrl":"https:\/\/secure.gravatar.com\/avatar\/571298a89f146ad2bb97e09971285bd719e64f9796558670ef76424a1dd29ad1?s=96&d=mm&r=g","caption":"_____"},"logo":{"@id":"https:\/\/secure.gravatar.com\/avatar\/571298a89f146ad2bb97e09971285bd719e64f9796558670ef76424a1dd29ad1?s=96&d=mm&r=g"},"sameAs":["https:\/\/odireitoonline.com"]}]}},"jetpack_sharing_enabled":true,"_links":{"self":[{"href":"https:\/\/odireitoonline.com\/zh\/wp-json\/wp\/v2\/pages\/1038","targetHints":{"allow":["GET"]}}],"collection":[{"href":"https:\/\/odireitoonline.com\/zh\/wp-json\/wp\/v2\/pages"}],"about":[{"href":"https:\/\/odireitoonline.com\/zh\/wp-json\/wp\/v2\/types\/page"}],"author":[{"embeddable":true,"href":"https:\/\/odireitoonline.com\/zh\/wp-json\/wp\/v2\/users\/3"}],"replies":[{"embeddable":true,"href":"https:\/\/odireitoonline.com\/zh\/wp-json\/wp\/v2\/comments?post=1038"}],"version-history":[{"count":0,"href":"https:\/\/odireitoonline.com\/zh\/wp-json\/wp\/v2\/pages\/1038\/revisions"}],"wp:attachment":[{"href":"https:\/\/odireitoonline.com\/zh\/wp-json\/wp\/v2\/media?parent=1038"}],"curies":[{"name":"wp","href":"https:\/\/api.w.org\/{rel}","templated":true}]}}